{"id":4292,"date":"2021-10-13T09:08:22","date_gmt":"2021-10-13T07:08:22","guid":{"rendered":"https:\/\/malm.de\/wordpress\/?page_id=4292"},"modified":"2024-06-15T11:45:31","modified_gmt":"2024-06-15T09:45:31","slug":"impressum","status":"publish","type":"page","link":"https:\/\/malm.de\/wordpress\/impressum\/","title":{"rendered":"Impressum"},"content":{"rendered":"<p>[et_pb_section fb_built=&#8220;1&#8243; _builder_version=&#8220;4.16&#8243; background_color=&#8220;#ffffff&#8220; background_image=&#8220;https:\/\/malm.de\/wordpress\/wp-content\/uploads\/2020\/08\/bg.jpg&#8220; transparent_background=&#8220;off&#8220; global_colors_info=&#8220;{}&#8220;][et_pb_row column_structure=&#8220;1_2,1_2&#8243; _builder_version=&#8220;4.16&#8243; background_size=&#8220;initial&#8220; background_position=&#8220;top_left&#8220; background_repeat=&#8220;repeat&#8220; global_colors_info=&#8220;{}&#8220;][et_pb_column type=&#8220;1_2&#8243; _builder_version=&#8220;4.16&#8243; custom_padding=&#8220;|||&#8220; global_colors_info=&#8220;{}&#8220; custom_padding__hover=&#8220;|||&#8220;][et_pb_testimonial portrait_url=&#8220;https:\/\/malm.de\/wordpress\/wp-content\/uploads\/2023\/02\/IMG_1592kl.jpg&#8220; quote_icon=&#8220;off&#8220; use_icon_font_size=&#8220;on&#8220; admin_label=&#8220;About me&#8220; _builder_version=&#8220;4.16&#8243; background_color=&#8220;#000000&#8243; background_size=&#8220;initial&#8220; background_position=&#8220;top_left&#8220; background_repeat=&#8220;repeat&#8220; width=&#8220;100%&#8220; border_radii=&#8220;on|20px|20px|20px|20px&#8220; global_colors_info=&#8220;{}&#8220;]<\/p>\n<p>OM-D OM-1<br \/><span>M.Zuiko Digital 4,0 \/ 300 mm<br \/><\/span><span>M.Zuiko Digital ED 60mm f\/2.8 Macro<\/span><br \/><span>M.Zuiko Digital ED 12\u201140mm F2.8 PRO<\/span><br \/><span>Olympus MC-14 1.4 Telekonverter<\/span><br \/><span>FL-900R<\/span><\/p>\n<p>&nbsp;<\/p>\n<p>&nbsp;<\/p>\n<p>&nbsp;<\/p>\n<p>[\/et_pb_testimonial][\/et_pb_column][et_pb_column type=&#8220;1_2&#8243; _builder_version=&#8220;4.16&#8243; custom_padding=&#8220;|||&#8220; global_colors_info=&#8220;{}&#8220; custom_padding__hover=&#8220;|||&#8220;][et_pb_testimonial quote_icon=&#8220;off&#8220; admin_label=&#8220;Impressum&#8220; _builder_version=&#8220;4.16&#8243; background_color=&#8220;#000000&#8243; background_size=&#8220;initial&#8220; background_position=&#8220;top_left&#8220; background_repeat=&#8220;repeat&#8220; border_radii=&#8220;on|20px|20px|20px|20px&#8220; global_colors_info=&#8220;{}&#8220;]<\/p>\n<p><strong>Impressum<\/strong><\/p>\n<p>Lothar Malm<br \/>Siegfriedstrasse 18<br \/>90461 N\u00fcrnberg<br \/><a href=\"https:\/\/malm.de\/wordpress\/kontakt\/\">E-Mail<\/a>\u00a0<\/p>\n<p>Alle Fotos sind mein Eigentum, urheberrechtlich gesch\u00fctzt und d\u00fcrfen nicht ohne ausdr\u00fcckliche Genehmigung verwendet werden.<\/p>\n<p>All photographs mine, copyrighted and cannot be used without expressed permission.<\/p>\n<p>[\/et_pb_testimonial][\/et_pb_column][\/et_pb_row][\/et_pb_section]<\/p>\n","protected":false},"excerpt":{"rendered":"<p>OM-D OM-1M.Zuiko Digital 4,0 \/ 300 mmM.Zuiko Digital ED 60mm f\/2.8 MacroM.Zuiko Digital ED 12\u201140mm F2.8 PROOlympus MC-14 1.4 TelekonverterFL-900R &nbsp; &nbsp; &nbsp;Impressum Lothar MalmSiegfriedstrasse 1890461 N\u00fcrnbergE-Mail\u00a0Alle Fotos sind mein Eigentum, urheberrechtlich gesch\u00fctzt und d\u00fcrfen nicht ohne ausdr\u00fcckliche Genehmigung verwendet werden. All photographs mine, copyrighted and cannot be used without expressed permission.<\/p>\n","protected":false},"author":1,"featured_media":0,"parent":0,"menu_order":0,"comment_status":"closed","ping_status":"closed","template":"","meta":{"_et_pb_use_builder":"on","_et_pb_old_content":"","_et_gb_content_width":"","footnotes":""},"class_list":["post-4292","page","type-page","status-publish","hentry"],"_links":{"self":[{"href":"https:\/\/malm.de\/wordpress\/wp-json\/wp\/v2\/pages\/4292","targetHints":{"allow":["GET"]}}],"collection":[{"href":"https:\/\/malm.de\/wordpress\/wp-json\/wp\/v2\/pages"}],"about":[{"href":"https:\/\/malm.de\/wordpress\/wp-json\/wp\/v2\/types\/page"}],"author":[{"embeddable":true,"href":"https:\/\/malm.de\/wordpress\/wp-json\/wp\/v2\/users\/1"}],"replies":[{"embeddable":true,"href":"https:\/\/malm.de\/wordpress\/wp-json\/wp\/v2\/comments?post=4292"}],"version-history":[{"count":105,"href":"https:\/\/malm.de\/wordpress\/wp-json\/wp\/v2\/pages\/4292\/revisions"}],"predecessor-version":[{"id":5222,"href":"https:\/\/malm.de\/wordpress\/wp-json\/wp\/v2\/pages\/4292\/revisions\/5222"}],"wp:attachment":[{"href":"https:\/\/malm.de\/wordpress\/wp-json\/wp\/v2\/media?parent=4292"}],"curies":[{"name":"wp","href":"https:\/\/api.w.org\/{rel}","templated":true}]}}